{"id":2738,"date":"2025-02-26T17:57:48","date_gmt":"2025-02-26T16:57:48","guid":{"rendered":"https:\/\/test.greenmetallurgy.rwth-aachen.de\/?page_id=2738"},"modified":"2025-08-24T20:02:30","modified_gmt":"2025-08-24T18:02:30","slug":"study-minithesis","status":"publish","type":"page","link":"https:\/\/test.greenmetallurgy.rwth-aachen.de\/de\/study\/study-minithesis\/","title":{"rendered":"Study\u00a0\u00bb\u00a0Minithesis"},"content":{"rendered":"<div class=\"wp-block-group is-layout-flow wp-block-group-is-layout-flow\" style=\"margin-top:0px;margin-bottom:0px;padding-top:var(--wp--preset--spacing--10);padding-right:0px;padding-bottom:var(--wp--preset--spacing--10);padding-left:0px\" data-block-type=\"core\">\n<div class=\"wp-block-stackable-heading stk-block-heading stk-block-heading--v2 stk-block stk-4dd39eb sub-heading\" id=\"a-href-https-test-greenmetallurgy-rwth-aachen-de-study-data-type-page-data-id-471-strong-study-strong-a-span-style-color-000-class-stk-highlight-minithesis-span\" data-block-id=\"4dd39eb\"><style>.stk-4dd39eb .stk-block-heading__bottom-line{height:1px !important;width:100% !important;background-color:#00549f !important;margin-top:0px !important;}.stk-4dd39eb {border-top-width:1px !important;border-right-width:1px !important;border-bottom-width:1px !important;border-left-width:1px !important;padding-top:0px !important;padding-right:0px !important;padding-bottom:0px !important;padding-left:0px !important;margin-top:0px !important;margin-right:0px !important;margin-bottom:15px !important;margin-left:0px !important;}<\/style><h2 class=\"stk-block-heading__text\"><a href=\"https:\/\/test.greenmetallurgy.rwth-aachen.de\/de\/study\/\" data-type=\"page\" data-id=\"471\"><strong>Studium<\/strong> <\/a>\u00bb <span style=\"color: #000;\" class=\"stk-highlight\">Minithesis<\/span><\/h2><div class=\"stk-block-heading__bottom-line\"><\/div><\/div>\n\n\n\n<div class=\"wp-block-group has-custom-secondary-25-background-color has-background is-layout-flow wp-block-group-is-layout-flow\" style=\"margin-top:0px;margin-bottom:0px;padding-top:1.5rem;padding-right:1.5rem;padding-bottom:1.5rem;padding-left:1.5rem\" data-block-type=\"core\">\n<div class=\"wp-block-group eplus-wrapper is-layout-flow wp-block-group-is-layout-flow\" style=\"margin-top:0px;margin-bottom:0px;padding-top:0px;padding-right:0.5rem;padding-bottom:0px;padding-left:0.5rem\" data-block-type=\"core\">\n<p>Das IME bietet Studierenden der Ingenieur-, Materialwissenschaften und Chemie mit prozesstechnischem Hintergrund jederzeit Themen f\u00fcr Abschluss oder Studienarbeiten wie Bachelor- oder Masterarbeiten, sowie Hauptseminare oder Projektarbeiten und Mini-Theses an. Unten aufgef\u00fchrt finden Sie eine Auswahl aktueller Arbeitsthemen, zu denen die entsprechenden wissenschaftlichen Mitarbeiter kontaktiert werden k\u00f6nnen. Gerne k\u00f6nnen auch eigene Ideen zu betreuten Arbeiten ge\u00e4u\u00dfert werden und in Absprache mit den wissenschaftlichen Mitarbeitern initiiert werden. Wir finden f\u00fcr jeden ein interessantes und spannendes Thema.<\/p>\n\n\n\n<p class=\"has-custom-primary-100-color has-text-color has-link-color wp-elements-4f360f5680300c5da62bf4ae922e9e19\"><a href=\"https:\/\/test.greenmetallurgy.rwth-aachen.de\/de\/study\/\" data-type=\"page\" data-id=\"471\">Alle aktuellen Jobs &amp; Abschlussarbeiten sehen \u00bb<\/a><\/p>\n<\/div>\n<\/div>\n<\/div>\n\n\n\n<div class=\"wp-block-group is-nowrap is-layout-flex wp-container-core-group-is-layout-6c531013 wp-block-group-is-layout-flex\" data-block-type=\"core\">\n<div class=\"wp-block-uagb-container uagb-block-52ef1e0c alignfull uagb-is-root-container\"><div class=\"uagb-container-inner-blocks-wrap\">\n<h2 class=\"wp-block-heading is-style-default\" style=\"margin-top:0;margin-bottom:0\" data-block-type=\"core\">Andere Themen<\/h2>\n\n\n\n<hr class=\"wp-block-separator has-text-color has-custom-primary-100-color has-alpha-channel-opacity has-custom-primary-100-background-color has-background\" style=\"margin-top:0px;margin-bottom:0px\">\n<\/div><\/div>\n<\/div>\n\n\n\n<div class=\"wp-block-stackable-tabs stk-block-tabs stk-block stk-b1cb854\" data-initial-tab=\"1\" data-block-id=\"b1cb854\"><style>.stk-b1cb854 {--tabs-gap:0px !important;}.stk-b1cb854 .stk-block-tab-content .stk-block-content .stk-block-column[hidden]{display:none !important;}<\/style><div class=\"stk-row stk-inner-blocks stk-block-content stk-block-tabs--vertical stk-block-tabs--fade stk-content-align stk-b1cb854-column\">\n<div class=\"wp-block-stackable-tab-labels stk-block-tab-labels stk-block stk-3315079\" data-block-id=\"3315079\"><style>.stk-3315079 {--tabs-row-gap:0px !important;box-shadow:inset 0px -1px 0px 0px #0000001a !important;}.stk-3315079 .stk-block-tabs__tab{justify-content:flex-start !important;color:#00549f !important;background:transparent !important;border-color:transparent !important;border-top-width:0px !important;border-right-width:0px !important;border-bottom-width:0px !important;border-left-width:0px !important;}.stk-3315079 .stk-block-tabs__tab.stk-block-tabs__tab--active .stk-block-tab-labels__text{color:#000000 !important;}.stk-3315079 .stk-block-tab-labels__text{color:#00549f !important;}.stk-3315079 .stk-block-tabs__tab .stk--inner-svg svg:last-child, .stk-3315079 .stk-block-tabs__tab .stk--inner-svg svg:last-child :is(g, path, rect, polygon, ellipse){fill:#909090 !important;}.stk-3315079 .stk-block-tabs__tab:not(.stk-block-tabs__tab--active):hover .stk--inner-svg svg:last-child, .stk-3315079 .stk-block-tabs__tab:not(.stk-block-tabs__tab--active):hover .stk--inner-svg svg:last-child :is(g, path, rect, polygon, ellipse){fill:#909090 !important;}.stk-3315079 .stk-block-tabs__tab.stk-block-tabs__tab--active{border-color:#000000 !important;}.stk-3315079 .stk-block-tabs__tab.stk-block-tabs__tab--active .stk--inner-svg svg:last-child, .stk-3315079 .stk-block-tabs__tab.stk-block-tabs__tab--active .stk--inner-svg svg:last-child :is(g, path, rect, polygon, ellipse){fill:#000000 !important;}.stk-3315079 .stk-block-tabs__tab.stk-block-tabs__tab--active:hover .stk--inner-svg svg:last-child, .stk-3315079 .stk-block-tabs__tab.stk-block-tabs__tab--active:hover .stk--inner-svg svg:last-child :is(g, path, rect, polygon, ellipse){fill:#000000 !important;}<\/style><div class=\"stk-block-tab-labels__wrapper\" role=\"tablist\"><button class=\"stk-block-tabs__tab\" role=\"tab\" id=\"literaturereview\"><div class=\"stk-block-tab-labels__text has-text-align-left\"><span>\u2022 Literature Review on the Production of Titanium Powder for <br>Additive Manufacturing from Scrap Using the HDH Process<\/span><\/div><\/button><button class=\"stk-block-tabs__tab\" role=\"tab\" id=\"literaturestudy\"><div class=\"stk-block-tab-labels__text has-text-align-left\"><span>\u2022 A literature study on the state of the art of pyrometallurgical <br>battery recycling<\/span><\/div><\/button><button class=\"stk-block-tabs__tab\" role=\"tab\" id=\"goldrecovery\"><div class=\"stk-block-tab-labels__text has-text-align-left\"><span><br>\u2022 Direct Gold Recovery from Computer Printed Circuit Boards (PCBs)<\/span><\/div><\/button><button class=\"stk-block-tabs__tab\" role=\"tab\" id=\"fayaliticslags\"><div class=\"stk-block-tab-labels__text has-text-align-left\"><span>\u2022 Design of Fayalitic slags as an oxidic raw material for solar heat <br>absorbers and storage media<\/span><\/div><\/button><\/div><\/div>\n\n\n\n<div class=\"wp-block-stackable-tab-content stk-block-tab-content stk-block stk-6bae9ad\" data-block-id=\"6bae9ad\"><div class=\"stk-row stk-inner-blocks stk-block-content stk-content-align stk-6bae9ad-column\">\n<div class=\"wp-block-stackable-column stk-block-column stk-column stk-block stk-1f63c02\" data-v=\"4\" role=\"tabpanel\" data-block-id=\"1f63c02\"><div class=\"stk-column-wrapper stk-block-column__content stk-container stk-1f63c02-container stk--no-background stk--no-padding\"><div class=\"stk-block-content stk-inner-blocks stk-1f63c02-inner-blocks\">\n<div class=\"wp-block-group has-global-padding is-content-justification-left is-layout-constrained wp-container-core-group-is-layout-12dd3699 wp-block-group-is-layout-constrained\" data-block-type=\"core\">\n<p style=\"margin-right:0;margin-left:0\"><strong>Thema<\/strong><br>Literature Review on the Production of Titanium Powder for Additive Manufacturing from Scrap Using the HDH Process<\/p>\n\n\n\n<div class=\"wp-block-columns is-layout-flex wp-container-core-columns-is-layout-28f84493 wp-block-columns-is-layout-flex\" data-block-type=\"core\">\n<div class=\"wp-block-column is-layout-flow wp-block-column-is-layout-flow\" data-block-type=\"core\">\n<p style=\"margin-right:0;margin-left:0\"><strong>Description<\/strong><br>Minithesis<\/p>\n\n\n\n<p><strong>Laufzeit<\/strong><br>3 month(s)<\/p>\n\n\n\n<p><strong>Start<\/strong><br>ab sofort<\/p>\n\n\n\n<p><strong>Contact<\/strong><br><a href=\"\/de\/team\/alumni\/thanu-velmurugan\/\" data-type=\"page\" data-id=\"3985\">M.Sc. Thanu Velmurugan<\/a><\/p>\n<\/div>\n\n\n\n<div class=\"wp-block-column is-layout-flow wp-block-column-is-layout-flow\" data-block-type=\"core\">\n<figure class=\"wp-block-image alignright size-full is-resized is-style-default\" style=\"margin-top:0;margin-right:50px;margin-bottom:0;margin-left:50px\" data-block-type=\"core\"><img loading=\"lazy\" decoding=\"async\" width=\"706\" height=\"524\" src=\"https:\/\/test.greenmetallurgy.rwth-aachen.de\/wp-content\/uploads\/2025\/05\/HDH-process.png\" alt=\"\" class=\"wp-image-4863\" style=\"width:300px\" srcset=\"https:\/\/test.greenmetallurgy.rwth-aachen.de\/wp-content\/uploads\/2025\/05\/HDH-process.png 706w, https:\/\/test.greenmetallurgy.rwth-aachen.de\/wp-content\/uploads\/2025\/05\/HDH-process-300x223.png 300w, https:\/\/test.greenmetallurgy.rwth-aachen.de\/wp-content\/uploads\/2025\/05\/HDH-process-16x12.png 16w\" sizes=\"auto, (max-width: 706px) 100vw, 706px\" \/><\/figure>\n<\/div>\n<\/div>\n\n\n\n<p><strong>Background<\/strong><br>Recycling titanium scraps through hydrogenation offers a sustainable approach to repurpose valuable material for additive manufacturing applications. The hydrogenation-dehydrogenation (HDH) process is central to this effort, allowing titanium scraps to be converted into usable powder for 3D printing and other AM techniques.<\/p>\n\n\n\n<p><strong>Job Definition<br><\/strong>Conduct an extensive literature review covering the hydrogenation-dehydrogenation process as applied to titanium scraps for recycling. The review will explore key aspects such as hydrogen embrittlement mechanisms, powder morphology and quality requirements for AM, and comparative performance of recycled HDH powder Compile findings into a structured report, identifying the key challenges and benefits of using recycled titanium in AM.<\/p>\n<\/div>\n<\/div><\/div><\/div>\n\n\n\n<div class=\"wp-block-stackable-column stk-block-column stk-column stk-block stk-19f1ad0\" data-v=\"4\" role=\"tabpanel\" data-block-id=\"19f1ad0\"><div class=\"stk-column-wrapper stk-block-column__content stk-container stk-19f1ad0-container stk--no-background stk--no-padding\"><div class=\"stk-block-content stk-inner-blocks stk-19f1ad0-inner-blocks\">\n<div class=\"wp-block-group has-global-padding is-content-justification-left is-layout-constrained wp-container-core-group-is-layout-12dd3699 wp-block-group-is-layout-constrained\" data-block-type=\"core\">\n<p style=\"margin-right:0;margin-left:0\"><strong>Thema<\/strong><br>A literature study on the state of the art of pyrometallurgical battery recycling<\/p>\n\n\n\n<div class=\"wp-block-columns is-layout-flex wp-container-core-columns-is-layout-28f84493 wp-block-columns-is-layout-flex\" data-block-type=\"core\">\n<div class=\"wp-block-column is-layout-flow wp-block-column-is-layout-flow\" data-block-type=\"core\">\n<p style=\"margin-right:0;margin-left:0\"><strong>Description<\/strong><br>Minithesis<\/p>\n\n\n\n<p><strong>Laufzeit<\/strong><br>2 month(s)<\/p>\n\n\n\n<p><strong>Start<\/strong><br>ab sofort<br><\/p>\n\n\n\n<p><strong>Contact<\/strong><br><a href=\"\/de\/team\/alumni\/ilayda-elif-oner\/\">M.Sc. IIayda Elif \u00d6ner<\/a><\/p>\n<\/div>\n\n\n\n<div class=\"wp-block-column is-layout-flow wp-block-column-is-layout-flow\" data-block-type=\"core\">\n<figure class=\"wp-block-image alignright size-full is-resized is-style-default\" style=\"margin-top:0;margin-right:50px;margin-bottom:0;margin-left:50px\" data-block-type=\"core\"><img loading=\"lazy\" decoding=\"async\" width=\"420\" height=\"567\" src=\"https:\/\/test.greenmetallurgy.rwth-aachen.de\/wp-content\/uploads\/2025\/02\/Ausschreibung-Minithesis_Oner_Image.png\" alt=\"\" class=\"wp-image-2743\" style=\"width:300px\" srcset=\"https:\/\/test.greenmetallurgy.rwth-aachen.de\/wp-content\/uploads\/2025\/02\/Ausschreibung-Minithesis_Oner_Image.png 420w, https:\/\/test.greenmetallurgy.rwth-aachen.de\/wp-content\/uploads\/2025\/02\/Ausschreibung-Minithesis_Oner_Image-222x300.png 222w, https:\/\/test.greenmetallurgy.rwth-aachen.de\/wp-content\/uploads\/2025\/02\/Ausschreibung-Minithesis_Oner_Image-9x12.png 9w\" sizes=\"auto, (max-width: 420px) 100vw, 420px\" \/><\/figure>\n<\/div>\n<\/div>\n\n\n\n<p><strong>Background<\/strong><br>The development of a robust lithium-ion batteries recycling process is an ongoing process. Despite the various efforts and advancements in technology, challenges remain. This thesis therefore focuses on providing an overview of current research approaches.<\/p>\n\n\n\n<p><strong>Job Definition<br><\/strong>A comprehensive literature research has to be conducted, covering the following topics:<br>\u2022 State of the art of research<br>\u2022 A comparison of various pyrometallurgical recycling processes &nbsp;<br>\u2022 Identifying suitable slag system approaches for different input materials<\/p>\n<\/div>\n<\/div><\/div><\/div>\n\n\n\n<div class=\"wp-block-stackable-column stk-block-column stk-column stk-block stk-b54584a\" data-v=\"4\" role=\"tabpanel\" data-block-id=\"b54584a\"><div class=\"stk-column-wrapper stk-block-column__content stk-container stk-b54584a-container stk--no-background stk--no-padding\"><div class=\"stk-block-content stk-inner-blocks stk-b54584a-inner-blocks\">\n<div class=\"wp-block-group has-global-padding is-content-justification-left is-layout-constrained wp-container-core-group-is-layout-12dd3699 wp-block-group-is-layout-constrained\" data-block-type=\"core\">\n<p style=\"margin-right:0;margin-left:0\"><strong>Thema<\/strong><br>Direct Gold Recovery from Computer Printed Circuit Boards (PCBs)<\/p>\n\n\n\n<div class=\"wp-block-columns is-layout-flex wp-container-core-columns-is-layout-28f84493 wp-block-columns-is-layout-flex\" data-block-type=\"core\">\n<div class=\"wp-block-column is-layout-flow wp-block-column-is-layout-flow\" data-block-type=\"core\">\n<p style=\"margin-right:0;margin-left:0\"><strong>Description<\/strong><br>Minithesis<\/p>\n\n\n\n<p><strong>Laufzeit<\/strong><br>2 month(s)<\/p>\n\n\n\n<p><strong>Start<\/strong><br>ab sofort<br><\/p>\n\n\n\n<p><strong>Contact<\/strong><br><a href=\"\/de\/team\/alumni\/zixi-gao\/\">M.Sc. Zixi Gao<\/a><\/p>\n<\/div>\n\n\n\n<div class=\"wp-block-column is-layout-flow wp-block-column-is-layout-flow\" data-block-type=\"core\">\n<figure class=\"wp-block-image alignright size-full is-resized is-style-default\" style=\"margin-top:0;margin-right:50px;margin-bottom:0;margin-left:50px\" data-block-type=\"core\"><img loading=\"lazy\" decoding=\"async\" width=\"2560\" height=\"1707\" src=\"https:\/\/test.greenmetallurgy.rwth-aachen.de\/wp-content\/uploads\/2025\/02\/Ausschreibung-MInithesis_Gao_Image-scaled.jpg\" alt=\"\" class=\"wp-image-2758\" style=\"width:300px\" srcset=\"https:\/\/test.greenmetallurgy.rwth-aachen.de\/wp-content\/uploads\/2025\/02\/Ausschreibung-MInithesis_Gao_Image-scaled.jpg 2560w, https:\/\/test.greenmetallurgy.rwth-aachen.de\/wp-content\/uploads\/2025\/02\/Ausschreibung-MInithesis_Gao_Image-300x200.jpg 300w, https:\/\/test.greenmetallurgy.rwth-aachen.de\/wp-content\/uploads\/2025\/02\/Ausschreibung-MInithesis_Gao_Image-1024x683.jpg 1024w, https:\/\/test.greenmetallurgy.rwth-aachen.de\/wp-content\/uploads\/2025\/02\/Ausschreibung-MInithesis_Gao_Image-768x512.jpg 768w, https:\/\/test.greenmetallurgy.rwth-aachen.de\/wp-content\/uploads\/2025\/02\/Ausschreibung-MInithesis_Gao_Image-1536x1024.jpg 1536w, https:\/\/test.greenmetallurgy.rwth-aachen.de\/wp-content\/uploads\/2025\/02\/Ausschreibung-MInithesis_Gao_Image-2048x1365.jpg 2048w, https:\/\/test.greenmetallurgy.rwth-aachen.de\/wp-content\/uploads\/2025\/02\/Ausschreibung-MInithesis_Gao_Image-18x12.jpg 18w, https:\/\/test.greenmetallurgy.rwth-aachen.de\/wp-content\/uploads\/2025\/02\/Ausschreibung-MInithesis_Gao_Image-500x333.jpg 500w, https:\/\/test.greenmetallurgy.rwth-aachen.de\/wp-content\/uploads\/2025\/02\/Ausschreibung-MInithesis_Gao_Image-800x533.jpg 800w, https:\/\/test.greenmetallurgy.rwth-aachen.de\/wp-content\/uploads\/2025\/02\/Ausschreibung-MInithesis_Gao_Image-1280x853.jpg 1280w, https:\/\/test.greenmetallurgy.rwth-aachen.de\/wp-content\/uploads\/2025\/02\/Ausschreibung-MInithesis_Gao_Image-1920x1280.jpg 1920w\" sizes=\"auto, (max-width: 2560px) 100vw, 2560px\" \/><\/figure>\n<\/div>\n<\/div>\n\n\n\n<p><strong>Background<\/strong><br>Aufgrund der edlen Natur von Gold ist eine gezielte R\u00fcckgewinnung aus Elektroschrott wegen der h\u00f6heren Reaktivit\u00e4t anderer Metalle eine Herausforderung. Derzeitige hydrometallurgische Ans\u00e4tze zur Goldgewinnung aus PCBs erfordern immer mehrere Schritte, was zu Verlusten f\u00fchrt. Ziel dieser Studie ist es, eine direkte Laugungsmethode zur R\u00fcckgewinnung oberfl\u00e4chlichen Goldes zu finden.<br><\/p>\n\n\n\n<p><strong>Job Definition<br><\/strong>\u2022\u00a0Literaturrecherche \u00fcber Stand der Technik und Identifikation geeignete Gewinnungsverfahren<br>\u2022 Verifizierung der Ans\u00e4tze durch experimentelle Arbeit<br>\u2022 Eigenst\u00e4ndiges, eigenverantwortliches und gewissenhaftes Arbeiten<\/p>\n<\/div>\n<\/div><\/div><\/div>\n\n\n\n<div class=\"wp-block-stackable-column stk-block-column stk-column stk-block stk-d554a8b\" data-v=\"4\" role=\"tabpanel\" data-block-id=\"d554a8b\"><div class=\"stk-column-wrapper stk-block-column__content stk-container stk-d554a8b-container stk--no-background stk--no-padding\"><div class=\"stk-block-content stk-inner-blocks stk-d554a8b-inner-blocks\">\n<div class=\"wp-block-group has-global-padding is-content-justification-left is-layout-constrained wp-container-core-group-is-layout-12dd3699 wp-block-group-is-layout-constrained\" data-block-type=\"core\">\n<p style=\"margin-right:0;margin-left:0\"><strong>Thema<\/strong><br>Design of Fayalitic slags as an oxidic raw material for solar heat absorbers and storage media<\/p>\n\n\n\n<div class=\"wp-block-columns is-layout-flex wp-container-core-columns-is-layout-28f84493 wp-block-columns-is-layout-flex\" data-block-type=\"core\">\n<div class=\"wp-block-column is-layout-flow wp-block-column-is-layout-flow\" data-block-type=\"core\">\n<p style=\"margin-right:0;margin-left:0\"><strong>Description<\/strong><br>Minithesis<\/p>\n\n\n\n<p><strong>Laufzeit<\/strong><br>2 month(s)<\/p>\n\n\n\n<p><strong>Start<\/strong><br>ab sofort<br><\/p>\n\n\n\n<p><strong>Contact<\/strong><br><a href=\"\/de\/team\/alumni\/alumni\/dorothea-schneider-geb-kenn\/\">M.Sc. Dorothea Schneider geb. Kenn<\/a><\/p>\n<\/div>\n\n\n\n<div class=\"wp-block-column is-layout-flow wp-block-column-is-layout-flow\" data-block-type=\"core\">\n<figure class=\"wp-block-image alignright size-full is-resized is-style-default\" style=\"margin-top:0;margin-right:50px;margin-bottom:0;margin-left:50px\" data-block-type=\"core\"><img loading=\"lazy\" decoding=\"async\" width=\"197\" height=\"121\" src=\"https:\/\/test.greenmetallurgy.rwth-aachen.de\/wp-content\/uploads\/2025\/02\/Bild_Doro_Solar_2.png\" alt=\"\" class=\"wp-image-2760\" style=\"width:400px\" srcset=\"https:\/\/test.greenmetallurgy.rwth-aachen.de\/wp-content\/uploads\/2025\/02\/Bild_Doro_Solar_2.png 197w, https:\/\/test.greenmetallurgy.rwth-aachen.de\/wp-content\/uploads\/2025\/02\/Bild_Doro_Solar_2-18x12.png 18w\" sizes=\"auto, (max-width: 197px) 100vw, 197px\" \/><\/figure>\n<\/div>\n<\/div>\n\n\n\n<p><strong>Background<\/strong><br>Concentrated Solar Power (CSP) Technologie r\u00fcckt immer weiter in den Fokus wegen dem Bedarf an nachhaltiger und ressourceneffizienter Energie. Daf\u00fcr soll mit dieser Arbeit der aktuelle Stand der Absorber und Speichermedien, sowie Forschungsans\u00e4tze mit fayalitischen Schlacken als Basis neuer Systeme evaluiert werden.<br><br><\/p>\n\n\n\n<p><strong>Job Definition<br><\/strong>\u2022 Literaturrecherche und Definition vom Stand der Technik von CSP W\u00e4rmabsorber und Speichermedien<br>\u2022 Fokus: Schlackendesign und Dotieren von fayalitischen Schlacken<br>\u2022 Eigenst\u00e4ndiges, eigenverantwortliches und gewissenhaftes Arbeiten<\/p>\n<\/div>\n<\/div><\/div><\/div>\n<\/div><\/div>\n<\/div><\/div>","protected":false},"excerpt":{"rendered":"<p>Study \u00bb Minithesis IME offers students of engineering, materials science and chemistry with a background in process technology many topics for theses or student research projects such as bachelor, project, minor or master theses, as well as seminars. Below you will find a selection of current work topics for which the corresponding scientific staff can [&hellip;]<\/p>","protected":false},"author":3,"featured_media":756,"parent":471,"menu_order":0,"comment_status":"closed","ping_status":"closed","template":"","meta":{"_acf_changed":false,"_uag_custom_page_level_css":"","footnotes":""},"class_list":["post-2738","page","type-page","status-publish","has-post-thumbnail","hentry"],"acf":[],"uagb_featured_image_src":{"full":["https:\/\/test.greenmetallurgy.rwth-aachen.de\/wp-content\/uploads\/2024\/06\/160224-IME-087-scaled.jpg",2560,2560,false],"thumbnail":["https:\/\/test.greenmetallurgy.rwth-aachen.de\/wp-content\/uploads\/2024\/06\/160224-IME-087-150x150.jpg",150,150,true],"medium":["https:\/\/test.greenmetallurgy.rwth-aachen.de\/wp-content\/uploads\/2024\/06\/160224-IME-087-300x300.jpg",300,300,true],"medium_large":["https:\/\/test.greenmetallurgy.rwth-aachen.de\/wp-content\/uploads\/2024\/06\/160224-IME-087-768x768.jpg",768,768,true],"large":["https:\/\/test.greenmetallurgy.rwth-aachen.de\/wp-content\/uploads\/2024\/06\/160224-IME-087-1024x1024.jpg",1024,1024,true],"1536x1536":["https:\/\/test.greenmetallurgy.rwth-aachen.de\/wp-content\/uploads\/2024\/06\/160224-IME-087-1536x1536.jpg",1536,1536,true],"2048x2048":["https:\/\/test.greenmetallurgy.rwth-aachen.de\/wp-content\/uploads\/2024\/06\/160224-IME-087-2048x2048.jpg",2048,2048,true],"trp-custom-language-flag":["https:\/\/test.greenmetallurgy.rwth-aachen.de\/wp-content\/uploads\/2024\/06\/160224-IME-087-12x12.jpg",12,12,true],"ime-team-card":["https:\/\/test.greenmetallurgy.rwth-aachen.de\/wp-content\/uploads\/2024\/06\/160224-IME-087-900x1200.jpg",900,1200,true]},"uagb_author_info":{"display_name":"LiaXLiang","author_link":"https:\/\/test.greenmetallurgy.rwth-aachen.de\/de\/author\/liaxliang\/"},"uagb_comment_info":0,"uagb_excerpt":"Study \u00bb Minithesis IME offers students of engineering, materials science and chemistry with a background in process technology many topics for theses or student research projects such as bachelor, project, minor or master theses, as well as seminars. Below you will find a selection of current work topics for which the corresponding scientific staff can&hellip;","_links":{"self":[{"href":"https:\/\/test.greenmetallurgy.rwth-aachen.de\/de\/wp-json\/wp\/v2\/pages\/2738","targetHints":{"allow":["GET"]}}],"collection":[{"href":"https:\/\/test.greenmetallurgy.rwth-aachen.de\/de\/wp-json\/wp\/v2\/pages"}],"about":[{"href":"https:\/\/test.greenmetallurgy.rwth-aachen.de\/de\/wp-json\/wp\/v2\/types\/page"}],"author":[{"embeddable":true,"href":"https:\/\/test.greenmetallurgy.rwth-aachen.de\/de\/wp-json\/wp\/v2\/users\/3"}],"replies":[{"embeddable":true,"href":"https:\/\/test.greenmetallurgy.rwth-aachen.de\/de\/wp-json\/wp\/v2\/comments?post=2738"}],"version-history":[{"count":23,"href":"https:\/\/test.greenmetallurgy.rwth-aachen.de\/de\/wp-json\/wp\/v2\/pages\/2738\/revisions"}],"predecessor-version":[{"id":6916,"href":"https:\/\/test.greenmetallurgy.rwth-aachen.de\/de\/wp-json\/wp\/v2\/pages\/2738\/revisions\/6916"}],"up":[{"embeddable":true,"href":"https:\/\/test.greenmetallurgy.rwth-aachen.de\/de\/wp-json\/wp\/v2\/pages\/471"}],"wp:featuredmedia":[{"embeddable":true,"href":"https:\/\/test.greenmetallurgy.rwth-aachen.de\/de\/wp-json\/wp\/v2\/media\/756"}],"wp:attachment":[{"href":"https:\/\/test.greenmetallurgy.rwth-aachen.de\/de\/wp-json\/wp\/v2\/media?parent=2738"}],"curies":[{"name":"wp","href":"https:\/\/api.w.org\/{rel}","templated":true}]}}